{"id":187,"date":"2023-11-17T14:41:25","date_gmt":"2023-11-17T14:41:25","guid":{"rendered":"https:\/\/thevlfirm.com\/nuestras-abogadas\/"},"modified":"2024-05-11T06:57:59","modified_gmt":"2024-05-11T06:57:59","slug":"nuestras-abogadas","status":"publish","type":"page","link":"https:\/\/thevlfirm.com\/es\/nuestras-abogadas\/","title":{"rendered":"Nuestras abogadas"},"content":{"rendered":"\n<div style=\"height:40px\" aria-hidden=\"true\" class=\"wp-block-spacer\"><\/div>\n\n<div class=\"wp-block-media-text is-stacked-on-mobile\" style=\"grid-template-columns:35% auto\"><figure class=\"wp-block-media-text__media\"><img loading=\"lazy\" decoding=\"async\" width=\"709\" height=\"1024\" src=\"https:\/\/thevlfirm.com\/wp-content\/uploads\/\/staff-image-0-709x1024.jpeg\" alt=\"\" class=\"wp-image-42 size-full\" srcset=\"https:\/\/thevlfirm.com\/wp-content\/uploads\/staff-image-0-709x1024.jpeg 709w, https:\/\/thevlfirm.com\/wp-content\/uploads\/staff-image-0-208x300.jpeg 208w, https:\/\/thevlfirm.com\/wp-content\/uploads\/staff-image-0.jpeg 757w\" sizes=\"auto, (max-width: 709px) 100vw, 709px\" \/><\/figure><div class=\"wp-block-media-text__content\">\n<h1 class=\"wp-block-heading\">Rodney Vining Jr.<\/h1>\n\n\n\n<h3 class=\"wp-block-heading\"><strong>Fundadora y abogada<\/strong><\/h3>\n\n\n\n<p><\/p>\n\n\n\n<p>Rodney Vining Jr., Esq., es el estimado propietario y abogado principal de nuestra firma de abogados. Nacido en California y criado en West Haven, CT, Rodney siempre ha tenido una pasi\u00f3n profundamente arraigada por ayudar a las personas y una fuerte determinaci\u00f3n de establecer su propia pr\u00e1ctica.<\/p>\n\n\n\n<p>Rodney obtuvo su t\u00edtulo universitario en la Universidad Estatal de Virginia antes de obtener su t\u00edtulo de Juris Doctor en la Facultad de Derecho John Marshall de Atlanta. Su formaci\u00f3n acad\u00e9mica le ha proporcionado una base s\u00f3lida en conocimientos jur\u00eddicos y una profunda comprensi\u00f3n de las complejidades del derecho.<\/p>\n\n\n\n<p>Fuera de su carrera jur\u00eddica, Rodney se dedica a una amplia gama de pasatiempos e intereses. Es un levantador de pesas entusiasta y un \u00e1vido corredor, que a menudo participa en carreras de 5 km. Rodney tambi\u00e9n canaliza su creatividad a trav\u00e9s de la producci\u00f3n musical, adem\u00e1s de encontrar inspiraci\u00f3n en los deportes y diversas formas de arte.<\/p>\n\n\n\n<p>Reconocido por sus excepcionales habilidades jur\u00eddicas, Rodney ha sido elegido S\u00faper Abogado durante tres a\u00f1os consecutivos, de 2020 a 2023. Adem\u00e1s, es un miembro orgulloso de la Asociaci\u00f3n de Abogados Litigantes de Connecticut, lo que demuestra a\u00fan m\u00e1s su compromiso con la excelencia profesional y se mantiene a la vanguardia de la defensa legal.<\/p>\n\n\n\n<p>Con un enfoque centrado en el cliente y una dedicaci\u00f3n inquebrantable para lograr resultados favorables, Rodney est\u00e1 listo para brindar soluciones legales personalizadas adaptadas a sus necesidades espec\u00edficas. P\u00f3ngase en contacto con nuestra firma hoy para beneficiarse del amplio conocimiento legal de Rodney y su pasi\u00f3n por ayudarlo a superar sus desaf\u00edos legales.<\/p>\n<\/div><\/div>\n\n<hr class=\"wp-block-separator has-alpha-channel-opacity\"\/>\n\n<div class=\"wp-block-media-text is-stacked-on-mobile\" style=\"grid-template-columns:35% auto\"><figure class=\"wp-block-media-text__media\"><img loading=\"lazy\" decoding=\"async\" width=\"682\" height=\"1024\" src=\"https:\/\/thevlfirm.com\/wp-content\/uploads\/staff-image-1.jpeg\" alt=\"\" class=\"wp-image-32 size-full\" srcset=\"https:\/\/thevlfirm.com\/wp-content\/uploads\/staff-image-1.jpeg 682w, https:\/\/thevlfirm.com\/wp-content\/uploads\/staff-image-1-200x300.jpeg 200w\" sizes=\"auto, (max-width: 682px) 100vw, 682px\" \/><\/figure><div class=\"wp-block-media-text__content\">\n<h1 class=\"wp-block-heading\">Quantia Escocia<\/h1>\n\n\n\n<h3 class=\"wp-block-heading\"><strong>Abogada<\/strong><\/h3>\n\n\n\n<p><\/p>\n\n\n\n<p>Quantia Scottland, Esq., es una abogada autorizada que ejerce en DC y CT, siendo su ciudad natal Leesburg, VA. Obtuvo su t\u00edtulo universitario de la Universidad Estatal de Virginia y su t\u00edtulo de Juris Doctor de la Facultad de Derecho de la Universidad Florida A&amp;M. Con una base s\u00f3lida en pensamiento cr\u00edtico y habilidades de resoluci\u00f3n de problemas, Quantia aporta una perspectiva \u00fanica a su pr\u00e1ctica.<\/p>\n\n\n\n<p>Adem\u00e1s de sus aspiraciones legales, Quantia tiene una amplia gama de intereses. Le gusta crear productos de cuidado personal y le apasiona el bienestar personal. Fuera del trabajo, a menudo la encontrar\u00e1s patinando por las calles o explorando nuevos destinos. Uno de sus lugares favoritos a los que ha viajado es La Habana, Cuba, donde encontr\u00f3 inspiraci\u00f3n en la rica historia y cultura de la ciudad.<\/p>\n\n\n\n<p>Quantia es una defensora dedicada de sus clientes. Su atenci\u00f3n al detalle y sus s\u00f3lidas habilidades de defensa la han ayudado a representar con \u00e9xito a clientes en diversos asuntos legales. Es miembro de la Asociaci\u00f3n de Abogados Litigantes de Connecticut, una prestigiosa organizaci\u00f3n que destaca su compromiso con la excelencia profesional y mantenerse a la vanguardia de la defensa legal.<\/p>\n\n\n\n<p>Quantia se compromete a brindar soluciones legales personalizadas y efectivas, garantizando que los intereses de sus clientes est\u00e9n protegidos y se logren sus objetivos. P\u00f3ngase en contacto con la abogada Quantia Scottland hoy para analizar sus necesidades legales y beneficiarse de su conocimiento jur\u00eddico integral y su enfoque centrado en el cliente.<\/p>\n<\/div><\/div>\n\n<hr class=\"wp-block-separator has-alpha-channel-opacity\"\/>\n\n<div class=\"wp-block-media-text is-stacked-on-mobile\" style=\"grid-template-columns:35% auto\"><figure class=\"wp-block-media-text__media\"><img loading=\"lazy\" decoding=\"async\" width=\"600\" height=\"750\" src=\"https:\/\/thevlfirm.com\/wp-content\/uploads\/Beatriz.jpg\" alt=\"\" class=\"wp-image-114 size-full\" srcset=\"https:\/\/thevlfirm.com\/wp-content\/uploads\/Beatriz.jpg 600w, https:\/\/thevlfirm.com\/wp-content\/uploads\/Beatriz-240x300.jpg 240w\" sizes=\"auto, (max-width: 600px) 100vw, 600px\" \/><\/figure><div class=\"wp-block-media-text__content\">\n<h1 class=\"wp-block-heading\">Beatriz Mor\u00e1n Torres<\/h1>\n\n\n\n<h3 class=\"wp-block-heading\"><strong>Abogada<\/strong><\/h3>\n\n\n\n<p><\/p>\n\n\n\n<p>Nacida en Chicago, Illinois y criada en Norwalk, Connecticut, la abogada Beatriz Moran-Torres es una profesional jur\u00eddica biling\u00fce dedicada que se destaca en servir a una clientela diversa. Se gradu\u00f3 en Lafayette College en Easton, Pensilvania, antes de obtener su doctorado en Derecho en Derecho de Nueva Inglaterra. Bost\u00f3n.<\/p>\n\n\n\n<p>La abogada Moran-Torres fue admitida para ejercer la abogac\u00eda en Connecticut en el a\u00f1o 2000 y, desde entonces, se ha comprometido a brindar representaci\u00f3n legal excepcional a sus clientes. Habla ingl\u00e9s y espa\u00f1ol con fluidez y cierra brechas culturales y ling\u00fc\u00edsticas para garantizar una comunicaci\u00f3n y comprensi\u00f3n efectivas durante todo el proceso legal.<\/p>\n\n\n\n<p>M\u00e1s all\u00e1 de su pr\u00e1ctica jur\u00eddica, Beatriz Mor\u00e1n-Torres es una persona multifac\u00e9tica con diversos intereses y pasatiempos. Amante del cine, entusiasta de HGTV y fan\u00e1tica devota de los NY Knicks, los NY Yankees y los Dallas Cowboys, encuentra alegr\u00eda en diversas actividades. Como banda y madre de kung fu, apoya activamente las actividades y pasiones de su hija. <\/p>\n\n\n\n<p>Por encima de todo, Beatriz Mor\u00e1n-Torres es una esposa y madre devota, que equilibra su carrera jur\u00eddica con sus responsabilidades familiares. Su compromiso inquebrantable tanto con su profesi\u00f3n como con sus seres queridos refleja sus valores de trabajo duro, dedicaci\u00f3n y compasi\u00f3n.<\/p>\n\n\n\n<p>Para obtener asistencia legal que combine experiencia con empat\u00eda y dominio biling\u00fce, conf\u00ede en la abogada Beatriz Moran-Torres para guiarlo a trav\u00e9s de sus asuntos legales con habilidad y cuidado.<\/p>\n<\/div><\/div>\n","protected":false},"excerpt":{"rendered":"<p>Rodney Vining Jr. Fundadora y abogada Rodney Vining Jr., Esq., es el estimado propietario y abogado principal de nuestra firma de abogados. Nacido en California y criado en West Haven, CT, Rodney siempre ha tenido una pasi\u00f3n profundamente arraigada por ayudar a las personas y una fuerte determinaci\u00f3n de establecer su propia pr\u00e1ctica. Rodney obtuvo\u2026 <a href=\"https:\/\/thevlfirm.com\/es\/nuestras-abogadas\/\">Read More &raquo;<\/a><\/p>\n","protected":false},"author":1,"featured_media":184,"parent":0,"menu_order":0,"comment_status":"closed","ping_status":"closed","template":"","meta":{"footnotes":""},"class_list":["post-187","page","type-page","status-publish","has-post-thumbnail","hentry"],"_links":{"self":[{"href":"https:\/\/thevlfirm.com\/es\/wp-json\/wp\/v2\/pages\/187","targetHints":{"allow":["GET"]}}],"collection":[{"href":"https:\/\/thevlfirm.com\/es\/wp-json\/wp\/v2\/pages"}],"about":[{"href":"https:\/\/thevlfirm.com\/es\/wp-json\/wp\/v2\/types\/page"}],"author":[{"embeddable":true,"href":"https:\/\/thevlfirm.com\/es\/wp-json\/wp\/v2\/users\/1"}],"replies":[{"embeddable":true,"href":"https:\/\/thevlfirm.com\/es\/wp-json\/wp\/v2\/comments?post=187"}],"version-history":[{"count":1,"href":"https:\/\/thevlfirm.com\/es\/wp-json\/wp\/v2\/pages\/187\/revisions"}],"predecessor-version":[{"id":188,"href":"https:\/\/thevlfirm.com\/es\/wp-json\/wp\/v2\/pages\/187\/revisions\/188"}],"wp:featuredmedia":[{"embeddable":true,"href":"https:\/\/thevlfirm.com\/es\/wp-json\/wp\/v2\/media\/184"}],"wp:attachment":[{"href":"https:\/\/thevlfirm.com\/es\/wp-json\/wp\/v2\/media?parent=187"}],"curies":[{"name":"wp","href":"https:\/\/api.w.org\/{rel}","templated":true}]}}